{"id":10,"date":"2026-04-20T02:12:30","date_gmt":"2026-04-20T02:12:30","guid":{"rendered":"https:\/\/vanessadatrino.com.br\/?page_id=10"},"modified":"2026-05-12T13:39:03","modified_gmt":"2026-05-12T13:39:03","slug":"links","status":"publish","type":"page","link":"https:\/\/vanessadatrino.com.br\/","title":{"rendered":"Vanessa Datrino"},"content":{"rendered":"\t\t<div data-elementor-type=\"wp-post\" data-elementor-id=\"10\" class=\"elementor elementor-10\" data-elementor-post-type=\"page\">\n\t\t\t\t<div class=\"elementor-element elementor-element-e363a42 e-flex e-con-boxed e-con e-parent\" data-id=\"e363a42\" data-element_type=\"container\" data-e-type=\"container\" data-settings=\"{&quot;background_background&quot;:&quot;video&quot;,&quot;background_video_link&quot;:&quot;https:\\\/\\\/vanessadatrino.com.br\\\/wp-content\\\/uploads\\\/2026\\\/05\\\/IMG_7289.mov&quot;,&quot;background_video_start&quot;:0,&quot;background_play_on_mobile&quot;:&quot;yes&quot;}\">\n\t\t\t\t\t<div class=\"e-con-inner\">\n\t\t<div class=\"elementor-background-video-container\">\n\t\t\t\t\t\t\t<video class=\"elementor-background-video-hosted\" role=\"presentation\" autoplay muted playsinline loop><\/video>\n\t\t\t\t\t<\/div>\t\t<div class=\"elementor-element elementor-element-0d5a8b1 elementor-widget elementor-widget-image\" data-id=\"0d5a8b1\" data-element_type=\"widget\" data-e-type=\"widget\" data-widget_type=\"image.default\">\n\t\t\t\t\t\t\t\t\t\t\t\t\t\t\t<img fetchpriority=\"high\" decoding=\"async\" width=\"1024\" height=\"1024\" src=\"https:\/\/vanessadatrino.com.br\/wp-content\/uploads\/2026\/04\/Design-sem-nome-1-1024x1024.png\" class=\"attachment-large size-large wp-image-66\" alt=\"\" srcset=\"https:\/\/vanessadatrino.com.br\/wp-content\/uploads\/2026\/04\/Design-sem-nome-1-1024x1024.png 1024w, https:\/\/vanessadatrino.com.br\/wp-content\/uploads\/2026\/04\/Design-sem-nome-1-300x300.png 300w, https:\/\/vanessadatrino.com.br\/wp-content\/uploads\/2026\/04\/Design-sem-nome-1-150x150.png 150w, https:\/\/vanessadatrino.com.br\/wp-content\/uploads\/2026\/04\/Design-sem-nome-1-768x768.png 768w, https:\/\/vanessadatrino.com.br\/wp-content\/uploads\/2026\/04\/Design-sem-nome-1.png 1080w\" sizes=\"(max-width: 1024px) 100vw, 1024px\" \/>\t\t\t\t\t\t\t\t\t\t\t\t\t\t\t<\/div>\n\t\t\t\t<div class=\"elementor-element elementor-element-28d299b elementor-widget__width-initial elementor-widget-mobile__width-inherit elementor-widget elementor-widget-heading\" data-id=\"28d299b\" data-element_type=\"widget\" data-e-type=\"widget\" data-widget_type=\"heading.default\">\n\t\t\t\t\t<h2 class=\"elementor-heading-title elementor-size-default\">Vanessa Datrino<\/h2>\t\t\t\t<\/div>\n\t\t\t\t<div class=\"elementor-element elementor-element-a84f9ac elementor-widget__width-initial elementor-widget-mobile__width-inherit elementor-widget elementor-widget-heading\" data-id=\"a84f9ac\" data-element_type=\"widget\" data-e-type=\"widget\" data-widget_type=\"heading.default\">\n\t\t\t\t\t<h2 class=\"elementor-heading-title elementor-size-default\"> Mentora \u2022 Palestrante \u2022 Escritora<\/h2>\t\t\t\t<\/div>\n\t\t\t\t<div class=\"elementor-element elementor-element-8b68fe4 elementor-widget elementor-widget-button\" data-id=\"8b68fe4\" data-element_type=\"widget\" data-e-type=\"widget\" data-widget_type=\"button.default\">\n\t\t\t\t\t\t\t\t\t\t<a class=\"elementor-button elementor-button-link elementor-size-sm\" href=\"https:\/\/api.whatsapp.com\/send?phone=5561991115037&#038;text=Ol\u00e1!%20Gostaria%20de%20mais%20informa\u00e7\u00f5es%20sobre%20palestras%20e%20eventos.\">\n\t\t\t\t\t\t<span class=\"elementor-button-content-wrapper\">\n\t\t\t\t\t\t\t\t\t<span class=\"elementor-button-text\">Palestras e eventos<\/span>\n\t\t\t\t\t<\/span>\n\t\t\t\t\t<\/a>\n\t\t\t\t\t\t\t\t<\/div>\n\t\t\t\t<div class=\"elementor-element elementor-element-d26f709 elementor-widget elementor-widget-button\" data-id=\"d26f709\" data-element_type=\"widget\" data-e-type=\"widget\" data-widget_type=\"button.default\">\n\t\t\t\t\t\t\t\t\t\t<a class=\"elementor-button elementor-button-link elementor-size-sm\" href=\"https:\/\/api.whatsapp.com\/send?phone=5561991115037&#038;text=Ol\u00e1,%20gostaria%20de%20saber%20mais%20sobre%20a%20mentoria.\">\n\t\t\t\t\t\t<span class=\"elementor-button-content-wrapper\">\n\t\t\t\t\t\t\t\t\t<span class=\"elementor-button-text\">Mentoria Filha<\/span>\n\t\t\t\t\t<\/span>\n\t\t\t\t\t<\/a>\n\t\t\t\t\t\t\t\t<\/div>\n\t\t\t\t<div class=\"elementor-element elementor-element-7c3af2a elementor-widget elementor-widget-button\" data-id=\"7c3af2a\" data-element_type=\"widget\" data-e-type=\"widget\" data-widget_type=\"button.default\">\n\t\t\t\t\t\t\t\t\t\t<a class=\"elementor-button elementor-button-link elementor-size-sm\" href=\"https:\/\/hotmart.com\/pt-br\/marketplace\/produtos\/mentoria-mulheres-decididas\/L104727412B\">\n\t\t\t\t\t\t<span class=\"elementor-button-content-wrapper\">\n\t\t\t\t\t\t\t\t\t<span class=\"elementor-button-text\">Mentoria Mulheres Decididas<\/span>\n\t\t\t\t\t<\/span>\n\t\t\t\t\t<\/a>\n\t\t\t\t\t\t\t\t<\/div>\n\t\t\t\t<div class=\"elementor-element elementor-element-50bf8d4 elementor-widget elementor-widget-button\" data-id=\"50bf8d4\" data-element_type=\"widget\" data-e-type=\"widget\" data-widget_type=\"button.default\">\n\t\t\t\t\t\t\t\t\t\t<a class=\"elementor-button elementor-button-link elementor-size-sm\" href=\"https:\/\/editorasaberonline.com.br\/produto\/e-muito-bom-ser-mulher\/\">\n\t\t\t\t\t\t<span class=\"elementor-button-content-wrapper\">\n\t\t\t\t\t\t\t\t\t<span class=\"elementor-button-text\">Livro \"\u00c9 Muito Bom Ser Mulher\" (Editora)<\/span>\n\t\t\t\t\t<\/span>\n\t\t\t\t\t<\/a>\n\t\t\t\t\t\t\t\t<\/div>\n\t\t\t\t<div class=\"elementor-element elementor-element-bc0cf32 elementor-widget elementor-widget-button\" data-id=\"bc0cf32\" data-element_type=\"widget\" data-e-type=\"widget\" data-widget_type=\"button.default\">\n\t\t\t\t\t\t\t\t\t\t<a class=\"elementor-button elementor-button-link elementor-size-sm\" href=\"https:\/\/www.amazon.com.br\/dp\/6583260336\">\n\t\t\t\t\t\t<span class=\"elementor-button-content-wrapper\">\n\t\t\t\t\t\t\t\t\t<span class=\"elementor-button-text\">Livro \"\u00c9 Muito Bom Ser Mulher\" (Amazon)<\/span>\n\t\t\t\t\t<\/span>\n\t\t\t\t\t<\/a>\n\t\t\t\t\t\t\t\t<\/div>\n\t\t\t\t\t<\/div>\n\t\t\t\t<\/div>\n\t\t\t\t<\/div>\n\t\t","protected":false},"excerpt":{"rendered":"<p>Vanessa Datrino Mentora \u2022 Palestrante \u2022 Escritora Palestras e eventos Mentoria Filha Mentoria Mulheres Decididas Livro &#8220;\u00c9 Muito Bom Ser Mulher&#8221; (Editora) Livro &#8220;\u00c9 Muito Bom Ser Mulher&#8221; (Amazon)<\/p>\n","protected":false},"author":1,"featured_media":0,"parent":0,"menu_order":0,"comment_status":"closed","ping_status":"closed","template":"elementor_canvas","meta":{"footnotes":""},"class_list":["post-10","page","type-page","status-publish","hentry"],"_hostinger_reach_plugin_has_subscription_block":false,"_hostinger_reach_plugin_is_elementor":false,"_links":{"self":[{"href":"https:\/\/vanessadatrino.com.br\/index.php?rest_route=\/wp\/v2\/pages\/10","targetHints":{"allow":["GET"]}}],"collection":[{"href":"https:\/\/vanessadatrino.com.br\/index.php?rest_route=\/wp\/v2\/pages"}],"about":[{"href":"https:\/\/vanessadatrino.com.br\/index.php?rest_route=\/wp\/v2\/types\/page"}],"author":[{"embeddable":true,"href":"https:\/\/vanessadatrino.com.br\/index.php?rest_route=\/wp\/v2\/users\/1"}],"replies":[{"embeddable":true,"href":"https:\/\/vanessadatrino.com.br\/index.php?rest_route=%2Fwp%2Fv2%2Fcomments&post=10"}],"version-history":[{"count":98,"href":"https:\/\/vanessadatrino.com.br\/index.php?rest_route=\/wp\/v2\/pages\/10\/revisions"}],"predecessor-version":[{"id":137,"href":"https:\/\/vanessadatrino.com.br\/index.php?rest_route=\/wp\/v2\/pages\/10\/revisions\/137"}],"wp:attachment":[{"href":"https:\/\/vanessadatrino.com.br\/index.php?rest_route=%2Fwp%2Fv2%2Fmedia&parent=10"}],"curies":[{"name":"wp","href":"https:\/\/api.w.org\/{rel}","templated":true}]}}